{"id":353,"date":"2023-05-10T13:37:29","date_gmt":"2023-05-10T11:37:29","guid":{"rendered":"https:\/\/www.byzon.cz\/vseobecne-obchodni-podminky\/"},"modified":"2024-08-16T10:06:34","modified_gmt":"2024-08-16T08:06:34","slug":"general-terms-and-conditions","status":"publish","type":"page","link":"https:\/\/www.byzon.cz\/en\/general-terms-and-conditions\/","title":{"rendered":"General Terms and Conditions"},"content":{"rendered":"<p>obchodn\u00ed spole\u010dnosti<br \/>\n<strong>ENJOiT s.r.o.<\/strong><br \/>\nse s\u00eddlem F. A. Gerstnera \u010d. ev. 52, \u010cesk\u00e9 Bud\u011bjovice 7, 370 01 \u010cesk\u00e9 Bud\u011bjovice,<br \/>\nI\u010cO: 192 95 073,<br \/>\nzapsan\u00e9 v obchodn\u00edm rejst\u0159\u00edku veden\u00e9m Krajsk\u00fdm soudem v \u010cesk\u00fdch Bud\u011bjovic\u00edch, odd\u00edl C, vlo\u017eka 33138:<\/p>\n<h2>1. \u00davodn\u00ed ujedn\u00e1n\u00ed<\/h2>\n<p>1.1. Tyto v\u0161eobecn\u00e9 obchodn\u00ed podm\u00ednky (d\u00e1le jen \u201e<em><strong>obchodn\u00ed podm\u00ednky<\/strong><\/em>\u201c) obchodn\u00ed spole\u010dnosti ENJOiT s.r.o., se s\u00eddlem F. A. Gerstnera \u010d. ev. 52, \u010cesk\u00e9 Bud\u011bjovice 7, 370 01 \u010cesk\u00e9 Bud\u011bjovice, I\u010cO: 192 95 073, zapsan\u00e9 v obchodn\u00edm rejst\u0159\u00edku veden\u00e9m Krajsk\u00fdm soudem v \u010cesk\u00fdch Bud\u011bjovic\u00edch, odd\u00edl C, vlo\u017eka 33138 (d\u00e1le jen \u201e<em><strong>Spole\u010dnost<\/strong><\/em>\u201c) upravuj\u00ed v souladu s ustanoven\u00edm \u00a7 1751 odst. 1 z\u00e1kona \u010d. 89\/2012 Sb., ob\u010dansk\u00fd z\u00e1kon\u00edk, ve zn\u011bn\u00ed pozd\u011bj\u0161\u00edch p\u0159edpis\u016f (d\u00e1le jen \u201e<em><strong>ob\u010dansk\u00fd z\u00e1kon\u00edk<\/strong><\/em>\u201c) vz\u00e1jemn\u00e1 pr\u00e1va a povinnosti smluvn\u00edch stran vznikl\u00e9 v souvislosti nebo na z\u00e1klad\u011b smlouvy (d\u00e1le jen \u201e<em><strong>Smlouva<\/strong><\/em>\u201c) uzav\u00edran\u00e9 mezi Spole\u010dnost\u00ed a jinou fyzickou osobou (d\u00e1le jen \u201e<em><strong>N\u00e1v\u0161t\u011bvn\u00edk<\/strong><\/em>\u201c) ohledn\u011b objedn\u00e1n\u00ed a koup\u011b vstupenky na konferenci \u201e<em><strong>BYZON<\/strong><\/em>\u201c (d\u00e1le jen \u201e<em><strong>Konference<\/strong><\/em>\u201c) a networkingovou akci, kter\u00e1 se bude konat v prostor\u00e1ch budovy jako Konference bezprost\u0159edn\u011b po skon\u010den\u00ed Konference (\u201e<em><strong>Afterparty<\/strong><\/em>\u201c) prost\u0159ednictv\u00edm webov\u00fdch str\u00e1nek https:\/\/www.byzon.cz (d\u00e1le jen \u201e<em><strong>webov\u00e1 str\u00e1nka<\/strong><\/em>\u201c), konaj\u00edc\u00ed se 1. 10. 2024 v \u010cesk\u00fdch Bud\u011bjovic\u00edch.<\/p>\n<p>1.2. Zn\u011bn\u00ed obchodn\u00edch podm\u00ednek m\u016f\u017ee Spole\u010dnost m\u011bnit \u010di dopl\u0148ovat. T\u00edmto ujedn\u00e1n\u00edm nejsou dot\u010dena pr\u00e1va a povinnosti vznikl\u00e1 po dobu \u00fa\u010dinnosti p\u0159edchoz\u00edho zn\u011bn\u00ed obchodn\u00edch podm\u00ednek.<\/p>\n<h2>2. P\u0159edm\u011bt Smlouvy<\/h2>\n<p>2.1. P\u0159edm\u011btem Smlouvy je poskytnut\u00ed slu\u017eeb N\u00e1v\u0161t\u011bvn\u00edkovi ze strany Spole\u010dnosti spo\u010d\u00edvaj\u00edc\u00ed v umo\u017en\u011bn\u00ed \u00fa\u010dasti fyzick\u00e9 osoby, jej\u00ed\u017e osobn\u00ed \u00fadaje jsou uvedeny v registra\u010dn\u00edm formul\u00e1\u0159i na webov\u00e9 str\u00e1nce na Konferenci, pop\u0159. i na Afterparty v term\u00ednu a za podm\u00ednek specifikovan\u00fdch t\u011bmito obchodn\u00edmi podm\u00ednkami.<\/p>\n<h2>3. Vstupenka<\/h2>\n<p>3.1.\u00a0 \u00da\u010dast na Konferenci, pop\u0159. i na Afterparty je mo\u017en\u00e1 pouze na z\u00e1klad\u011b platn\u00e9 vstupenky zakoupen\u00e9 v souladu s t\u011bmito obchodn\u00edmi podm\u00ednkami (d\u00e1le jen \u201e<em><strong>Vstupenka<\/strong><\/em>\u201c) a na z\u00e1klad\u011b prok\u00e1z\u00e1n\u00ed toto\u017enosti N\u00e1v\u0161t\u011bvn\u00edka. Spole\u010dnost je opr\u00e1vn\u011bna tyto skute\u010dnosti kontrolovat kdykoli v pr\u016fb\u011bhu Konference nebo Afterparty.<\/p>\n<p>3.2. N\u00e1v\u0161t\u011bvn\u00edk je v pr\u016fb\u011bhu Konference, pop\u0159. i Afterparty povinen m\u00edt Vstupenku u sebe a na vyzv\u00e1n\u00ed osoby pov\u011b\u0159en\u00e9 Spole\u010dnost\u00ed se touto Vstupenkou prok\u00e1zat, a to bu\u010f v listinn\u00e9, nebo v elektronick\u00e9 podob\u011b.<\/p>\n<p>3.3. Vstupenka obsahuje jm\u00e9no a p\u0159\u00edjmen\u00ed N\u00e1v\u0161t\u011bvn\u00edka a nen\u00ed p\u0159evoditeln\u00e1 na jinou osobu. Spole\u010dnost m\u016f\u017ee v\u00fdjime\u010dn\u011b na \u017e\u00e1dost N\u00e1v\u0161t\u011bvn\u00edka prost\u0159ednictv\u00edm e-mailov\u00e9 adresy <a href=\"mailto:konference@byzon.cz\">jsem<\/a><a href=\"mailto:konference@byzon.cz\">@byzon.cz<\/a> z d\u016fle\u017eit\u00fdch d\u016fvod\u016f umo\u017enit p\u0159evod Vstupenky na jinou osobu. Schv\u00e1l\u00ed-li Spole\u010dnost tento p\u0159evod, zru\u0161\u00ed platnost p\u016fvodn\u00ed Vstupenky a na e-mailovou adresu N\u00e1v\u0161t\u011bvn\u00edka za\u0161le Vstupenku novou.<\/p>\n<p>3.4. Osoba, kter\u00e1 se neprok\u00e1\u017ee platnou Vstupenkou m\u016f\u017ee b\u00fdt Spole\u010dnost\u00ed na Konferenci a\/nebo Afterparty nep\u0159ipu\u0161t\u011bna nebo z Konference a\/nebo Afterparty vyk\u00e1z\u00e1na. V takov\u00e9m p\u0159\u00edpad\u011b tato osoba nem\u00e1 n\u00e1rok na vr\u00e1cen\u00ed zaplacen\u00e9 ceny Vstupenky. Nen\u00ed-li napln\u011bna kapacita Konference a\/nebo Afterparty, m\u016f\u017ee Spole\u010dnost takov\u00e9 osob\u011b umo\u017enit \u00fa\u010dast na Konferenci a\/nebo Afterparty v p\u0159\u00edpad\u011b, \u017ee tato osoba zaplat\u00ed novou cenu Vstupenky, ve v\u00fd\u0161i, v jak\u00e9 se Vstupenky prod\u00e1valy v okam\u017eiku ukon\u010den\u00ed jejich p\u0159edprodeje. N\u00e1v\u0161t\u011bvn\u00edk nem\u00e1 v takov\u00e9m p\u0159\u00edpad\u011b n\u00e1rok na vr\u00e1cen\u00ed ceny p\u016fvodn\u00ed Vstupenky.<\/p>\n<p>3.5. Cena Vstupenky je uvedena na webov\u00e9 str\u00e1nce, po\u010det Vstupenek je omezen.<\/p>\n<p>3.6. Zakoupen\u00ed Vstupenky pouze na Afterparty bez Vstupenky na Konferenci nen\u00ed mo\u017en\u00e9.<\/p>\n<h2>4. Uzav\u0159en\u00ed Smlouvy<\/h2>\n<p>4.1. Ve\u0161ker\u00e1 prezentace Konference a\/nebo Afterparty um\u00edst\u011bn\u00e1 na webov\u00fdch str\u00e1nk\u00e1ch je informativn\u00edho a nez\u00e1vazn\u00e9ho charakteru.<\/p>\n<p>4.2. Spole\u010dnost nen\u00ed pl\u00e1tcem DPH. Pokud by se Spole\u010dnost do dne po\u0159\u00e1d\u00e1n\u00ed Konference stala pl\u00e1tcem DPH, bude cena Vstupenky nav\u00fd\u0161ena o DPH s \u00fa\u010dinnost\u00ed od dne, kdy se Spole\u010dnost stane pl\u00e1tcem DPH. Ceny Vstupenky jsou na webov\u00fdch str\u00e1nk\u00e1ch uvedeny jako v\u017edy jako ceny kone\u010dn\u00e9. Vstupenky z\u016fst\u00e1vaj\u00ed v platnosti do konce dne kon\u00e1n\u00ed Konference, tedy 1. 10. 2024. T\u00edmto ujedn\u00e1n\u00edm nen\u00ed omezena mo\u017enost Spole\u010dnosti uzav\u0159\u00edt Smlouvu za individu\u00e1ln\u011b sjednan\u00fdch podm\u00ednek.<\/p>\n<p>4.3. Vstupenky lze koupit prost\u0159ednictv\u00edm webov\u00fdch str\u00e1nek <a href=\"https:\/\/www.byzon.cz\/en\/\">https:\/\/www.byzon.cz<\/a>. Zprost\u0159edkovatelem je spole\u010dnost GOPAY s.r.o., se s\u00eddlem \u010d. p. 67, 370 01 Plan\u00e1, I\u010cO 260 46 768 (d\u00e1le jen \u201e<em><strong>Zprost\u0159edkovatel<\/strong><\/em>\u201c), d\u00edky kter\u00e9mu doch\u00e1z\u00ed k platb\u011b Vstupenky bezhotovostn\u00edm p\u0159evodem nebo bezhotovostn\u011b platebn\u00ed kartou. Zprost\u0159edkovatel pouze zprost\u0159edkov\u00e1v\u00e1 platbu pro Spole\u010dnost, nen\u00ed organiz\u00e1torem samotn\u00e9 Konference.<\/p>\n<p>4.4. Vstupenky lze tak\u00e9 koupit na objedn\u00e1vku, a to prost\u0159ednictv\u00edm e-mailu na adrese <a href=\"mailto:konference@byzon.cz\">jsem@byzon.cz<\/a> nebo na tel. \u010d. 774 835 456. V p\u0159\u00edpad\u011b, \u017ee N\u00e1v\u0161t\u011bvn\u00edk zvol\u00ed tento zp\u016fsob zakoupen\u00ed Vstupenky, m\u016f\u017ee cenu za Vstupenku uhradit bezhotovostn\u00edm p\u0159evodem na bankovn\u00ed \u00fa\u010det, kter\u00fd mu Spole\u010dnost po objedn\u00e1n\u00ed Vstupenky za\u0161le e-mailem \u010di sd\u011bl\u00ed p\u0159es telefon.<\/p>\n<p>4.5. N\u00e1v\u0161t\u011bvn\u00edk na webov\u00fdch str\u00e1nk\u00e1ch vybere druh Vstupenky, vypln\u00ed sv\u00e9 kontaktn\u00ed \u00fadaje, kter\u00e9 je nutn\u00e9 uv\u00e9st, vybere zp\u016fsob platby a vyj\u00e1d\u0159\u00ed sv\u016fj souhlas s t\u011bmito obchodn\u00edmi podm\u00ednkami. Dokon\u010den\u00edm objedn\u00e1vky kliknut\u00edm na tla\u010d\u00edtko \u201ePotvrdit n\u00e1kup\u201c je u\u010din\u011bn n\u00e1vrh na uzav\u0159en\u00ed Smlouvy ve smyslu ustanoven\u00ed \u00a7 1731 ob\u010dansk\u00e9ho z\u00e1kon\u00edku (d\u00e1le jen \u201e<em><strong>Objedn\u00e1vka<\/strong><\/em>\u201c).<\/p>\n<p>4.6. Objedn\u00e1vka obsahuje vedle \u00fadaj\u016f uveden\u00fdch v p\u0159edchoz\u00edm odstavci tak\u00e9 cenu Vstupenky.<\/p>\n<p>4.7. N\u00e1v\u0161t\u011bvn\u00edk si vybere platbu bezhotovostn\u00edm p\u0159evodem nebo bezhotovostn\u00ed platbu kartou. P\u0159i platb\u011b kartou je N\u00e1v\u0161t\u011bvn\u00edk p\u0159esm\u011brov\u00e1n do platebn\u00ed br\u00e1ny Zprost\u0159edkovatele, jej\u00edm\u017e prost\u0159ednictv\u00edm uhrad\u00ed cenu Vstupenky. V p\u0159\u00edpad\u011b platby bezhotovostn\u00edm p\u0159evodem na bankovn\u00ed \u00fa\u010det Spole\u010dnosti, budou platebn\u00ed \u00fadaje (\u010d\u00edslo bankovn\u00edho \u00fa\u010dtu a variabiln\u00ed symbol) zasl\u00e1n N\u00e1v\u0161t\u011bvn\u00edkovi e-mailem na adresu, kterou uvedl p\u0159i vypl\u0148ov\u00e1n\u00ed sv\u00fdch kontaktn\u00edch \u00fadaj\u016f v Objedn\u00e1vce.<\/p>\n<p>4.8. Nebude-li cena Vstupenky uhrazena ve lh\u016ft\u011b do 5 pracovn\u00edch dn\u016f ode dne u\u010din\u011bn\u00ed Objedn\u00e1vky, Objedn\u00e1vka se ru\u0161\u00ed.<\/p>\n<p>4.9. N\u00e1v\u0161t\u011bvn\u00edk souhlas\u00ed s pou\u017eit\u00edm komunika\u010dn\u00edch prost\u0159edk\u016f na d\u00e1lku p\u0159i uzav\u00edr\u00e1n\u00ed Smlouvy. N\u00e1klady vznikl\u00e9 N\u00e1v\u0161t\u011bvn\u00edkovi p\u0159i pou\u017eit\u00ed komunika\u010dn\u00edch prost\u0159edk\u016f na d\u00e1lku v souvislosti s uzav\u0159en\u00edm Smlouvy (n\u00e1klady na internetov\u00e9 p\u0159ipojen\u00ed, n\u00e1klady na telefonn\u00ed hovory apod.) si hrad\u00ed N\u00e1v\u0161t\u011bvn\u00edk s\u00e1m, p\u0159i\u010dem\u017e tyto n\u00e1klady se neli\u0161\u00ed od z\u00e1kladn\u00ed sazby.<\/p>\n<p>4.10. Smlouva je uzav\u0159ena okam\u017eikem zaplacen\u00ed ceny Vstupenky. Da\u0148ov\u00fd doklad vystav\u00ed N\u00e1v\u0161t\u011bvn\u00edkovi Spole\u010dnost po uhrazen\u00ed ceny Vstupenky a za\u0161le mu jej v elektronick\u00e9 podob\u011b na elektronickou adresu (e-mail). N\u00e1v\u0161t\u011bvn\u00edk je povinen si neprodlen\u011b po doru\u010den\u00ed Vstupenky zkontrolovat ve\u0161ker\u00e9 \u00fadaje. Na reklamace obdr\u017een\u00e9 po lh\u016ft\u011b 48 hodin od doru\u010den\u00ed Vstupenky nemus\u00ed b\u00fdt br\u00e1n z\u0159etel.<\/p>\n<p>4.11. Po p\u0159ijet\u00ed platby Spole\u010dnost za\u0161le N\u00e1v\u0161t\u011bvn\u00edkovi na e-mailovou adresu uvedenou v r\u00e1mci Objedn\u00e1vky potvrzen\u00ed o uhrazen\u00ed ceny Vstupenky spole\u010dn\u011b se Vstupenkou v elektronick\u00e9 podob\u011b.<\/p>\n<h2>5. Pr\u00e1va z vadn\u00e9ho pln\u011bn\u00ed a odpov\u011bdnost za \u0161kodu<\/h2>\n<p>5.1. Pr\u00e1va a povinnosti smluvn\u00edch stran ohledn\u011b pr\u00e1v z vadn\u00e9ho pln\u011bn\u00ed se \u0159\u00edd\u00ed p\u0159\u00edslu\u0161n\u00fdmi obecn\u011b z\u00e1vazn\u00fdmi p\u0159edpisy, zejm\u00e9na ustanoven\u00edmi \u00a7 1914 a\u017e 1925 ob\u010dansk\u00e9ho z\u00e1kon\u00edku.<\/p>\n<p>5.2. Vadou pln\u011bn\u00ed Spole\u010dnosti nen\u00ed zejm\u00e9na zm\u011bna programu ani zm\u011bna m\u00edsta kon\u00e1n\u00ed nebo data Konference po uzav\u0159en\u00ed Smlouvy, pokud k takov\u00e9to zm\u011bn\u011b do\u0161lo z d\u016fle\u017eit\u00e9ho d\u016fvodu. Spole\u010dnost si vyhrazuje pr\u00e1vo takovou zm\u011bnu prov\u00e9st zejm\u00e9na v p\u0159\u00edpad\u011b z\u00e1sahu vy\u0161\u0161\u00ed moci nebo z d\u016fvod\u016f nele\u017e\u00edc\u00edch na v\u016fli Spole\u010dnosti. O zm\u011bn\u011b programu, m\u00edsta \u010di term\u00ednu kon\u00e1n\u00ed N\u00e1v\u0161t\u011bvn\u00edka Spole\u010dnost informuje bez zbyte\u010dn\u00e9ho odkladu na jeho adresu elektronick\u00e9 po\u0161ty.<\/p>\n<p>5.3. Pokud by do\u0161lo ke zru\u0161en\u00ed Konference bez stanoven\u00ed n\u00e1hradn\u00edho term\u00ednu, N\u00e1v\u0161t\u011bvn\u00edk m\u00e1 pr\u00e1vo na vr\u00e1cen\u00ed ceny Vstupenky, kterou skute\u010dn\u011b zaplatil.<\/p>\n<p>5.4. Spole\u010dnost nen\u00ed povinna zaru\u010dit nep\u0159etr\u017eit\u00fd provoz webov\u00fdch str\u00e1nek a neodpov\u00edd\u00e1 za \u017e\u00e1dnou \u0161kodu, kter\u00e1 by mohla vzniknout z d\u016fvodu jejich do\u010dasn\u00e9ho v\u00fdpadku \u010di p\u0159et\u00ed\u017een\u00ed. Spole\u010dnost rovn\u011b\u017e neodpov\u00edd\u00e1 za \u017e\u00e1dnou \u0161kodu, kter\u00e1 by mohla vzniknout z d\u016fvodu uveden\u00ed nespr\u00e1vn\u00e9 \u010di ne\u00fapln\u00e9 informace na webov\u00fdch str\u00e1nk\u00e1ch.<\/p>\n<p>5.5. Spole\u010dnost neodpov\u00edd\u00e1 za \u017e\u00e1dnou \u0161kodu, kterou by N\u00e1v\u0161t\u011bvn\u00edk utrp\u011bl b\u011bhem kon\u00e1n\u00ed Konference a\/nebo Afterparty, na sv\u00e9m majetku \u010di zdrav\u00ed. N\u00e1v\u0161t\u011bvn\u00edk se uzav\u0159en\u00edm Smlouvy v\u00fdslovn\u011b vzd\u00e1v\u00e1 sv\u00fdch p\u0159\u00edpadn\u00fdch pr\u00e1v na n\u00e1hradu takov\u00e9to \u0161kody, kter\u00e1 by mu mohla vzniknout.<\/p>\n<h2>6. Odstoupen\u00ed od Smlouvy<\/h2>\n<p>6.1. N\u00e1v\u0161t\u011bvn\u00edk m\u00e1 v souladu s ustanoven\u00edm \u00a7 1829 odst. 1, odst. 2 Ob\u010dansk\u00e9ho z\u00e1kon\u00edku pr\u00e1vo p\u0159i uzav\u0159en\u00ed smlouvy distan\u010dn\u00edm zp\u016fsobem od Smlouvy odstoupit, a to do \u010dtrn\u00e1cti (14) dn\u016f ode dne jej\u00edho vzniku. Odstoupen\u00ed od Smlouvy mus\u00ed b\u00fdt Spole\u010dnosti odesl\u00e1no ve lh\u016ft\u011b uveden\u00e9 v p\u0159edchoz\u00ed v\u011bt\u011b na adresu jej\u00edho s\u00eddla. Pro odstoupen\u00ed od Smlouvy m\u016f\u017ee N\u00e1v\u0161t\u011bvn\u00edk vyu\u017eit vzorov\u00fd formul\u00e1\u0159 poskytovan\u00fd Spole\u010dnost\u00ed, kter\u00fd je p\u0159\u00edlohou t\u011bchto Obchodn\u00edch podm\u00ednek a je dostupn\u00fd na webov\u00fdch str\u00e1nk\u00e1ch.<\/p>\n<p>6.2. V p\u0159\u00edpad\u011b odstoupen\u00ed od Smlouvy se Smlouva od po\u010d\u00e1tku ru\u0161\u00ed. Cena Vstupenky bude N\u00e1v\u0161t\u011bvn\u00edkovi vr\u00e1cena do \u010dtrn\u00e1cti (14) dn\u016f od odstoupen\u00ed od Smlouvy, a to na bankovn\u00ed \u00fa\u010det uveden\u00fd pro tyto \u00fa\u010dely v odstoupen\u00ed od Smlouvy.<\/p>\n<h2>7. Z\u00e1v\u011bre\u010dn\u00e1 ujedn\u00e1n\u00ed<\/h2>\n<p>7.1. Tyto obchodn\u00ed podm\u00ednky jsou ned\u00edlnou sou\u010d\u00e1st\u00ed Smlouvy.<\/p>\n<p>7.2. N\u00e1v\u0161t\u011bvn\u00edk je povinen b\u011bhem kon\u00e1n\u00ed Konference a\/nebo Afterparty dodr\u017eovat ve\u0161ker\u00e1 pravidla a pokyny ud\u011blen\u00e9 Spole\u010dnost\u00ed \u010di pov\u011b\u0159enou osobou, provozn\u00ed \u0159\u00e1d budovy, ve kter\u00e9 se Konference a\/nebo Afterparty nach\u00e1z\u00ed a pravidla slu\u0161n\u00e9ho chov\u00e1n\u00ed. V p\u0159\u00edpad\u011b poru\u0161en\u00ed t\u00e9to povinnosti N\u00e1v\u0161t\u011bvn\u00edka, m\u016f\u017ee b\u00fdt z m\u00edsta kon\u00e1n\u00ed Konference a\/nebo Afterparty vyk\u00e1z\u00e1n, bez n\u00e1roku na vr\u00e1cen\u00ed ceny Vstupenky.<\/p>\n<p>7.3. N\u00e1v\u0161t\u011bvn\u00edk je povinen p\u0159i registraci v registra\u010dn\u00edm formul\u00e1\u0159i a vypl\u0148ov\u00e1n\u00ed dal\u0161\u00edch \u00fadaj\u016f v Objedn\u00e1vce uv\u00e1d\u011bt pravdiv\u00e9 \u00fadaje.<\/p>\n<p>7.4. N\u00e1v\u0161t\u011bvn\u00edk souhlas\u00ed s t\u00edm, \u017ee po n\u011bm m\u016f\u017ee b\u00fdt b\u011bhem kon\u00e1n\u00ed Konference vy\u017eadov\u00e1no, aby se prok\u00e1zal platn\u00fdm pr\u016fkazem toto\u017enosti a zavazuje se jej osob\u011b pov\u011b\u0159en\u00e9 Spole\u010dnost\u00ed na vy\u017e\u00e1d\u00e1n\u00ed p\u0159edlo\u017eit. N\u00e1v\u0161t\u011bvn\u00edk rovn\u011b\u017e souhlas\u00ed s t\u00edm, \u017ee b\u011bhem kon\u00e1n\u00ed Konference a\/nebo Afterparty mohou b\u00fdt po\u0159izov\u00e1ny obrazov\u00e9 a\/nebo zvukov\u00e9 z\u00e1znamy, na kter\u00fdch m\u016f\u017ee b\u00fdt N\u00e1v\u0161t\u011bvn\u00edk rozpozn\u00e1n. N\u00e1v\u0161t\u011bvn\u00edk souhlas\u00ed se \u0161\u00ed\u0159en\u00edm t\u011bchto obrazov\u00fdch a\/nebo zvukov\u00fdch z\u00e1znam\u016f pro marketingov\u00e9 \u00fa\u010dely Spole\u010dnosti \u010di partner\u016f Konference a\/nebo Afterparty.<\/p>\n<p>7.5. Pr\u00e1vn\u00ed vztahy vznikl\u00e9 ze Smlouvy mezi Spole\u010dnost\u00ed a N\u00e1v\u0161t\u011bvn\u00edkem se \u0159\u00edd\u00ed a vykl\u00e1daj\u00ed podle pr\u00e1vn\u00edho \u0159\u00e1du \u010cesk\u00e9 republiky.<\/p>\n<p>7.6. Kontaktn\u00ed \u00fadaje Spole\u010dnosti a z\u00e1sady ochrany osobn\u00edch \u00fadaj\u016f jsou uvedeny na webov\u00fdch str\u00e1nk\u00e1ch v pln\u00e9m rozsahu.<\/p>\n<p>7.7. Tyto obchodn\u00ed podm\u00ednky nab\u00fdvaj\u00ed platnosti a \u00fa\u010dinnosti dnem jejich uve\u0159ejn\u011bn\u00ed na webov\u00fdch str\u00e1nk\u00e1ch a jsou k dispozici na webov\u00fdch str\u00e1nk\u00e1ch Spole\u010dnosti. V p\u0159\u00edpad\u011b, \u017ee Spole\u010dnost tyto obchodn\u00ed podm\u00ednky zm\u011bn\u00ed, pozb\u00fdv\u00e1 toto zn\u011bn\u00ed obchodn\u00edch podm\u00ednek platnosti a \u00fa\u010dinnosti dnem nabyt\u00ed platnosti a \u00fa\u010dinnosti pozd\u011bj\u0161\u00edho zn\u011bn\u00ed obchodn\u00edch podm\u00ednek.<\/p>\n<p><a href=\"https:\/\/www.byzon.cz\/wp-content\/uploads\/2023\/05\/vzor-odstoupeni\u0301-od-smlouvy-BYZON.docx\">Vzor odstoupeni\u0301 od smlouvy BYZON<\/a><\/p>\n","protected":false},"excerpt":{"rendered":"<p>obchodn\u00ed spole\u010dnosti ENJOiT s.r.o. se s\u00eddlem F. A. Gerstnera \u010d. ev. 52, \u010cesk\u00e9 Bud\u011bjovice 7, 370 01 \u010cesk\u00e9 Bud\u011bjovice, I\u010cO: 192 95 073, zapsan\u00e9 v obchodn\u00edm rejst\u0159\u00edku veden\u00e9m Krajsk\u00fdm soudem v \u010cesk\u00fdch Bud\u011bjovic\u00edch, odd\u00edl C, vlo\u017eka 33138: 1. \u00davodn\u00ed ujedn\u00e1n\u00ed 1.1. Tyto v\u0161eobecn\u00e9 obchodn\u00ed podm\u00ednky (d\u00e1le jen \u201eobchodn\u00ed podm\u00ednky\u201c) obchodn\u00ed spole\u010dnosti ENJOiT s.r.o., se s\u00eddlem [&hellip;]<\/p>\n","protected":false},"author":1,"featured_media":0,"parent":0,"menu_order":0,"comment_status":"closed","ping_status":"closed","template":"","meta":{"site-sidebar-layout":"default","site-content-layout":"","ast-site-content-layout":"default","site-content-style":"default","site-sidebar-style":"default","ast-global-header-display":"","ast-banner-title-visibility":"","ast-main-header-display":"","ast-hfb-above-header-display":"","ast-hfb-below-header-display":"","ast-hfb-mobile-header-display":"","site-post-title":"","ast-breadcrumbs-content":"","ast-featured-img":"","footer-sml-layout":"","ast-disable-related-posts":"","theme-transparent-header-meta":"default","adv-header-id-meta":"","stick-header-meta":"","header-above-stick-meta":"","header-main-stick-meta":"","header-below-stick-meta":"","astra-migrate-meta-layouts":"default","ast-page-background-enabled":"default","ast-page-background-meta":{"desktop":{"background-color":"var(--ast-global-color-4)","background-image":"","background-repeat":"repeat","background-position":"center center","background-size":"auto","background-attachment":"scroll","background-type":"","background-media":"","overlay-type":"","overlay-color":"","overlay-opacity":"","overlay-gradient":""},"tablet":{"background-color":"","background-image":"","background-repeat":"repeat","background-position":"center center","background-size":"auto","background-attachment":"scroll","background-type":"","background-media":"","overlay-type":"","overlay-color":"","overlay-opacity":"","overlay-gradient":""},"mobile":{"background-color":"","background-image":"","background-repeat":"repeat","background-position":"center center","background-size":"auto","background-attachment":"scroll","background-type":"","background-media":"","overlay-type":"","overlay-color":"","overlay-opacity":"","overlay-gradient":""}},"ast-content-background-meta":{"desktop":{"background-color":"var(--ast-global-color-5)","background-image":"","background-repeat":"repeat","background-position":"center center","background-size":"auto","background-attachment":"scroll","background-type":"","background-media":"","overlay-type":"","overlay-color":"","overlay-opacity":"","overlay-gradient":""},"tablet":{"background-color":"var(--ast-global-color-5)","background-image":"","background-repeat":"repeat","background-position":"center center","background-size":"auto","background-attachment":"scroll","background-type":"","background-media":"","overlay-type":"","overlay-color":"","overlay-opacity":"","overlay-gradient":""},"mobile":{"background-color":"var(--ast-global-color-5)","background-image":"","background-repeat":"repeat","background-position":"center center","background-size":"auto","background-attachment":"scroll","background-type":"","background-media":"","overlay-type":"","overlay-color":"","overlay-opacity":"","overlay-gradient":""}},"footnotes":""},"class_list":["post-353","page","type-page","status-publish","hentry"],"_links":{"self":[{"href":"https:\/\/www.byzon.cz\/en\/wp-json\/wp\/v2\/pages\/353","targetHints":{"allow":["GET"]}}],"collection":[{"href":"https:\/\/www.byzon.cz\/en\/wp-json\/wp\/v2\/pages"}],"about":[{"href":"https:\/\/www.byzon.cz\/en\/wp-json\/wp\/v2\/types\/page"}],"author":[{"embeddable":true,"href":"https:\/\/www.byzon.cz\/en\/wp-json\/wp\/v2\/users\/1"}],"replies":[{"embeddable":true,"href":"https:\/\/www.byzon.cz\/en\/wp-json\/wp\/v2\/comments?post=353"}],"version-history":[{"count":2,"href":"https:\/\/www.byzon.cz\/en\/wp-json\/wp\/v2\/pages\/353\/revisions"}],"predecessor-version":[{"id":360,"href":"https:\/\/www.byzon.cz\/en\/wp-json\/wp\/v2\/pages\/353\/revisions\/360"}],"wp:attachment":[{"href":"https:\/\/www.byzon.cz\/en\/wp-json\/wp\/v2\/media?parent=353"}],"curies":[{"name":"wp","href":"https:\/\/api.w.org\/{rel}","templated":true}]}}